{"id":352,"date":"2022-08-04T11:53:57","date_gmt":"2022-08-04T09:53:57","guid":{"rendered":"https:\/\/www.lcgeneralscavi.it\/cms\/?page_id=352"},"modified":"2022-08-04T14:17:10","modified_gmt":"2022-08-04T12:17:10","slug":"cookie-policy","status":"publish","type":"page","link":"https:\/\/www.lcgeneralscavi.it\/cms\/cookie-policy\/","title":{"rendered":"Cookie policy"},"content":{"rendered":"<p>La presente Cookie Policy \u00e8 relativa al sito www.lcgeneralscavi.it e (da qui indicato come &#8220;Sito&#8221;)<br \/>\nQuesta pagina spiega cosa sono i cookies, come sono utilizzati sul sito, come si possono gestire o rimuovere.<\/p>\n<h4>Che cosa sono i cookie?<\/h4>\n<p>I cookie sono piccoli file che vengono inviati dal sito web sul vostro computer, tablet, telefono cellulare o altro dispositivo che l&#8217;utente pu\u00f2 utilizzare per connettersi al Sito, per migliorare l&#8217;esperienza utente. Vengono memorizzati sull\u2019hard disk del computer, consentendo in questo modo al sito web di riconoscere gli utenti e memorizzare determinate informazioni su di loro, al fine di permettere o migliorare il servizio offerto.<\/p>\n<p>Esistono diverse tipologie di cookies. Alcuni sono necessari per poter navigare sul Sito, altri hanno scopi diversi come garantire la sicurezza interna, amministrare il sistema, effettuare analisi statistiche, comprendere quali sono le sezioni del Sito che interessano maggiormente gli utenti o offrire una visita personalizzata del Sito.<\/p>\n<p>La disabilitazione dei cookies potrebbe limitare la possibilit\u00e0 di usare il Sito e impedire di beneficiare in pieno delle funzionalit\u00e0 e dei servizi presenti sul Sito. Per decidere quali accettare e quali rifiutare, \u00e8 illustrata di seguito una descrizione dei cookies utilizzati sul Sito.<\/p>\n<h4>Normativa di riferimento<\/h4>\n<p>Il legislatore, in attuazione delle disposizioni contenute nella direttiva 2009\/136\/CE e successivamente la normativa UE 2016\/679 e del Garante della Privacy del 10\/06\/2021,<br \/>\nha ricondotto l&#8217;obbligo di acquisire il consenso preventivo e informato degli utenti all&#8217;installazione di cookie utilizzati per finalit\u00e0 diverse da quelle meramente tecniche (cfr. art. 1, comma 5, lett. a), del d. lgs. 28 maggio 2012, n. 69, che ha modificato l&#8217;art. 122 del Codice).<br \/>\nSi individuano pertanto due gruppi principali: cookie &#8220;tecnici&#8221; e cookie &#8220;di profilazione&#8221;. Vi sono inoltre cookie installati da un soggetto differente dal titolare \/ gestore del sito (c.d. \u201cterze parti\u201d).<\/p>\n<p>Il Provvedimento del Garante per la protezione dei dati personali n. 229\/2014 e successivamente la normativa UE 2016\/679 ed il provvedimento del Garante del 10\/06\/2021,<br \/>\nindividuano le modalit\u00e0 semplificate per l\u2019informativa e l\u2019acquisizione del consenso per l\u2019uso dei cookie.<br \/>\nIl regolamento UE 679\/2016 e di provvedimenti successivi sostituiscono ed integrano la precedente cookie law (229\/2014).<\/p>\n<h4>Cookies tecnici<\/h4>\n<p>I cookies tecnici sono utilizzati solo per effettuare la trasmissione di una comunicazione su una rete di comunicazione elettronica, o nella misura strettamente necessaria al fornitore di un servizio della societ\u00e0 dell&#8217;informazione esplicitamente richiesto dall&#8217;abbonato o dall&#8217;utente a erogare tale servizio. Non vengono utilizzati per scopi ulteriori.<\/p>\n<p>Possono essere suddivisi &#8220;di navigazione&#8221; o &#8220;di sessione&#8221;, che permettono la navigazione e del sito web (ad esempio autenticarsi per aree riservate, effettuare acquisti).<\/p>\n<p>I cookies analytics sono assimilati ai cookies tecnici, se utilizzati direttamente dal gestore del sito per raccogliere informazioni, sul numero degli utenti e su come questi visitano il sito stesso; cookies di funzionalit\u00e0, che permettono all&#8217;utente la navigazione in funzione di una serie di criteri (esempio la lingua).<\/p>\n<p>Per l&#8217;installazione di cookie tecnici non \u00e8 richiesto il preventivo consenso degli utenti, mentre resta fermo l&#8217;obbligo di dare l&#8217;informativa ai sensi dell&#8217;art. 13 del Codice.<\/p>\n<h4>Cookie di analisi terze parti<\/h4>\n<p>Questi cookie sono utilizzati al fine di raccogliere informazioni sull\u2019uso del Sito da parte degli utenti in forma anonima quali: pagine visitate, tempo di permanenza, origini del traffico di provenienza, provenienza geografica, et\u00e0, genere e interessi ai fini di campagne di marketing. Questi cookie sono inviati da domini di terze parti esterni al Sito.<\/p>\n<p>Il sito utilizza cookie di Google Analitics &#8220;anonimizzati&#8221;, assimilabili ai cookie tecnici.<\/p>\n<p>Maggiori informazioni sui cookie utilizzati di Google Analytics sono <a href=\"https:\/\/developers.google.com\/analytics\/devguides\/collection\/analyticsjs\/cookie-usage\" target=\"_blank\" rel=\"noopener\">disponibili a questo indirizzo<\/a>.<br \/>\nLuogo del trattamento : Irlanda \u2013 <a href=\"http:\/\/www.google.com\/intl\/it\/policies\/privacy\/\" target=\"_blank\" rel=\"noopener\">Privacy Policy<\/a> \u2013 <a href=\"http:\/\/tools.google.com\/dlpage\/gaoptout?hl=it\" target=\"_blank\" rel=\"noopener\">Opt Out<\/a><\/p>\n<h4>Cookie di terze parti<\/h4>\n<p>Il sito utilizza cookie di Iubenda.com per la generazione e la gestione della Privacy Policy del Sito. <a href=\"https:\/\/www.iubenda.com\/privacy-policy\/775731\/legal?ifr=true&amp;height=643&amp;an=no\" target=\"_blank\" rel=\"noopener\">Privacy Policy Di Iubenda<\/a><\/p>\n<p>Il sito utilizza Cookiebot per la gestione della cookie policy. <a href=\"https:\/\/www.cookiebot.com\/it\/terms-of-service\/\" target=\"_blank\" rel=\"noopener\">Termini di servizio<\/a><\/p>\n<p>Il sito utilizza Hcaptcha per la prevenzione dello spam. <a href=\"https:\/\/www.hcaptcha.com\/terms\" target=\"_blank\" rel=\"noopener\">Termini di servizio<\/a><\/p>\n<h4>Cookie di profilazione<\/h4>\n<p>Sono i cookie necessari a creare profili utenti al fine di inviare messaggi pubblicitari in linea con le preferenze manifestate dall\u2019utente all\u2019interno delle pagine del Sito.<br \/>\nPer queste tipologie di cookie, \u00e8 necessario che l&#8217;utente esprima il consenso al trattamento.<\/p>\n<p>Il Sito utilizza cookies tecnici e non di profilazione.<\/p>\n<h4>Cookie tecnici contenuti nel Sito<\/h4>\n<table border=\"0\" width=\"100%\" cellspacing=\"0\" cellpadding=\"0\">\n<tbody>\n<tr>\n<td width=\"12%\">Nome<\/td>\n<td width=\"12%\">Tipo<\/td>\n<td width=\"16%\">Durata<\/td>\n<td>Scopo<\/td>\n<\/tr>\n<tr>\n<td>PHPSESSID<\/td>\n<td>tecnico<\/td>\n<td>al termine della sessione<\/td>\n<td>Cookie nativo di PHP e consente ai siti Web di memorizzare dati sullo stato della serializzazione. Viene utilizzato per stabilire una sessione utente e per comunicare i dati sullo stato attraverso un cookie temporaneo, comunemente denominato cookie di sessione.<\/td>\n<\/tr>\n<tr>\n<td>WordPress-XXXXXXXXX<\/td>\n<td>tecnico<\/td>\n<td>1 mese<\/td>\n<td>Cookie utilizzato da WordPress per salvare informazioni e mantenere aperta la sessione utente.<\/td>\n<\/tr>\n<tr>\n<td>cb_enabled<br \/>\n_iub_cs-xxxxxx<\/td>\n<td>tecnico<\/td>\n<td>365 giorni<\/td>\n<td>Cookie di Iubenda. Memorizza se l&#8217;utente ha gi\u00e0 espresso il consenso all&#8217;utilizzo dei cookie.<\/td>\n<\/tr>\n<tr>\n<td>cookie consent<\/td>\n<td>tecnico<\/td>\n<td>365 giorni<\/td>\n<td>Cookie di Cookiebot. Memorizza se l&#8217;utente ha gi\u00e0 espresso il consenso all&#8217;utilizzo dei cookie.<\/td>\n<\/tr>\n<tr>\n<td>_cfduid<\/td>\n<td>tecnico di terze parti<\/td>\n<td>1 anno<\/td>\n<td>Viene impostato dal servizio CloudFlare per identificare il traffico Web attendibile. Il cookie non memorizza alcuna informazione personale.<\/td>\n<\/tr>\n<\/tbody>\n<\/table>\n<h4>Come gestire i cookie<\/h4>\n<p>Se le preferenze del browser lo permettono, la maggior parte dei siti web invier\u00e0 i cookie sul vostro computer o telefono cellulare. Tuttavia, \u00e8 possibile modificare queste impostazioni.<br \/>\nOgni browser consente la gestione dei cookie con modalit\u00e0 differenti, spesso attraverso la scheda &#8220;Preferenze&#8221; o &#8220;Opzioni&#8221;.<br \/>\nTramite le preferenze del browser \u00e8 inoltre possibile eliminare i Cookie installati in passato, incluso il Cookie in cui venga eventualmente salvato il consenso all&#8217;installazione di Cookie da parte di questo sito.<br \/>\nDisabilitando tutti i cookie, il Sito potrebbe non funzionare correttamente.<\/p>\n<p>Alcune informazioni su come gestire i cookie nel proprio borwser possono essere trovate ai seguenti indirizzi:<br \/>\n<a href=\"https:\/\/support.google.com\/chrome\/answer\/95647?hl=it&amp;p=cpn_cookies\" target=\"_blank\" rel=\"noopener\">Google Chrome<\/a>,<br \/>\n<a href=\"https:\/\/support.mozilla.org\/it\/kb\/Attivare e disattivare i cookie?redirectlocale=en-US&amp;redirectslug=Enabling+and+disabling+cookies\" target=\"_blank\" rel=\"noopener\">Mozilla Firefox<\/a>,<br \/>\n<a href=\"https:\/\/support.apple.com\/kb\/PH19214?viewlocale=it_IT&amp;locale=en_US\" target=\"_blank\" rel=\"noopener\">Apple Safari<\/a>,<br \/>\n<a href=\"http:\/\/windows.microsoft.com\/it-it\/windows-vista\/block-or-allow-cookies\" target=\"_blank\" rel=\"noopener\">Microsoft Windows Explorer<\/a>,<br \/>\n<a href=\"https:\/\/support.microsoft.com\/it-it\/help\/4027947\" target=\"_blank\" rel=\"noopener\">Microsoft Edge<\/a>,<br \/>\n<a href=\"https:\/\/support.brave.com\/hc\/articles\/360022806212-How-do-I-use-Shields-while-browsing\" target=\"_blank\" rel=\"noopener\">Brave<\/a>,<br \/>\n<a href=\"https:\/\/help.opera.com\/latest\/web-preferences\/#cookies\" target=\"_blank\" rel=\"noopener\">Opera<\/a>.<\/p>\n<p>In caso di servizi erogati da terze parti, Google mette a disposizione <a href=\"http:\/\/tools.google.com\/dlpage\/gaoptout?hl=it\" target=\"_blank\" rel=\"noopener\">un apposito tool<\/a>.<\/p>\n<h4>Privacy Policy<\/h4>\n<p>La Privacy Policy \u00e8 consultabile tramite <a href=\"https:\/\/www.lcgeneralscavi.it\/cms\/privacy-policy\/\">questo link<\/a>.<\/p>\n<h4>Aggiornamenti e modifiche<\/h4>\n<p>Data la natura dinamica del Web, non \u00e8 possibile essere sempre in grado di controllare i cookie che vengono memorizzati da terze parti attraverso un sito Web. L&#8217;utente \u00e8 pregato quindi di segnalare ai nostri riferimenti la presenza di un cookie di questo tipo non presente nell&#8217;elenco riportato precedentemente.<\/p>\n<p>\u00c8 possibile che questo testo necessiti di modifiche. Siamo pertanto autorizzati a cambiare i contenuti delle informative e i cookie indicati nell&#8217;elenco in qualsiasi momento e senza preavviso. La versione pi\u00f9 aggiornata pu\u00f2 essere consultata in questo testo.<\/p>\n","protected":false},"excerpt":{"rendered":"<p>La presente Cookie Policy \u00e8 relativa al sito www.lcgeneralscavi.it e (da qui indicato come &#8220;Sito&#8221;) Questa pagina spiega cosa sono i cookies, come sono utilizzati sul sito, come si possono gestire o rimuovere. Che cosa sono i cookie? I cookie sono piccoli file che vengono inviati dal sito web sul vostro computer, tablet, telefono cellulare [&hellip;]<\/p>\n","protected":false},"author":1,"featured_media":0,"parent":0,"menu_order":0,"comment_status":"closed","ping_status":"closed","template":"","meta":{"_acf_changed":false,"footnotes":""},"class_list":["post-352","page","type-page","status-publish","hentry"],"acf":[],"_links":{"self":[{"href":"https:\/\/www.lcgeneralscavi.it\/cms\/wp-json\/wp\/v2\/pages\/352","targetHints":{"allow":["GET"]}}],"collection":[{"href":"https:\/\/www.lcgeneralscavi.it\/cms\/wp-json\/wp\/v2\/pages"}],"about":[{"href":"https:\/\/www.lcgeneralscavi.it\/cms\/wp-json\/wp\/v2\/types\/page"}],"author":[{"embeddable":true,"href":"https:\/\/www.lcgeneralscavi.it\/cms\/wp-json\/wp\/v2\/users\/1"}],"replies":[{"embeddable":true,"href":"https:\/\/www.lcgeneralscavi.it\/cms\/wp-json\/wp\/v2\/comments?post=352"}],"version-history":[{"count":5,"href":"https:\/\/www.lcgeneralscavi.it\/cms\/wp-json\/wp\/v2\/pages\/352\/revisions"}],"predecessor-version":[{"id":377,"href":"https:\/\/www.lcgeneralscavi.it\/cms\/wp-json\/wp\/v2\/pages\/352\/revisions\/377"}],"wp:attachment":[{"href":"https:\/\/www.lcgeneralscavi.it\/cms\/wp-json\/wp\/v2\/media?parent=352"}],"curies":[{"name":"wp","href":"https:\/\/api.w.org\/{rel}","templated":true}]}}